{"id":8397,"date":"2023-10-06T22:21:05","date_gmt":"2023-10-06T22:21:05","guid":{"rendered":"http:\/\/4re-investment.com\/?page_id=8397"},"modified":"2024-03-05T10:00:54","modified_gmt":"2024-03-05T09:00:54","slug":"impressum","status":"publish","type":"page","link":"https:\/\/4re-investment.com\/en\/impressum\/","title":{"rendered":"Impressum"},"content":{"rendered":"<div id=\"ut-row-69df47944b328\" data-vc-full-width=\"true\" data-vc-full-width-init=\"false\" class=\"vc_row wpb_row vc_row-fluid vc_column-gap-0 ut-row-69df47944b337\" ><div class=\"wpb_column vc_column_container vc_col-sm-12\" ><div id=\"ut_inner_column_69df47944c18e\" class=\"vc_column-inner\" ><div class=\"wpb_wrapper\">\r\n\t<div class=\"wpb_text_column wpb_content_element  Impressum\" >\r\n\t\t<div class=\"wpb_wrapper\">\r\n\t\t\t<div class=\"vc_row wpb_row vc_row-fluid ir-firstsection bglines-white vc_column-gap-35\" data-vc-full-width=\"true\" data-vc-full-width-init=\"true\">\n<div class=\"shadow-box wpb_column vc_column_container vc_col-sm-6\">\n<div class=\"vc_column-inner\">\n<div class=\"wpb_wrapper\">\n<div class=\"wpb_text_column wpb_content_element\">\n<div class=\"wpb_wrapper\">\n<h1><strong>Impressum <\/strong><\/h1>\n<h4><strong>Angaben gem\u00e4\u00df \u00a7 5 TMG <\/strong><\/h4>\n<p>4RE Investment GmbH<\/p>\n<p>S\u00fcdliche M\u00fcnchner Stra\u00dfe 55<\/p>\n<p>82031 Gr\u00fcnwald<\/p>\n<p>&nbsp;<\/p>\n<p>Handelsregister: HRB 290809<\/p>\n<p>Registergericht: Amtsgericht M\u00fcnchen<\/p>\n<p>Sitz: Gr\u00fcnwald, Landkreis M\u00fcnchen<\/p>\n<p>&nbsp;<\/p>\n<p>Vertretungsberechtigter Gesch\u00e4ftsf\u00fchrer: Leopold M\u00fcnnich<\/p>\n<p>&nbsp;<\/p>\n<h4><strong>Contact <\/strong><\/h4>\n<p>Telefon: +49 (0) 89 88 98 56 80<\/p>\n<p>E-Mail: <a href=\"mailto:info@4re-investment.com\">info@4re-investment.com<\/a><\/p>\n<p>&nbsp;<\/p>\n<h4><strong>Gewerbeanmeldung<\/strong><\/h4>\n<p>Gewerbeanmeldung gem. \u00a7 34c GewO:<\/p>\n<p>Gemeinde Gr\u00fcnwald,\u00a0Rathausstra\u00dfe 3, 82031 Gr\u00fcnwald<\/p>\n<p>&nbsp;<\/p>\n<h4><strong>Zust\u00e4ndige Aufsichtsbeh\u00f6rde: <\/strong><\/h4>\n<p>IHK f\u00fcr M\u00fcnchen und Oberbayern<\/p>\n<p>Max-Joseph-Stra\u00dfe 2<\/p>\n<p>80333 M\u00fcnchen<\/p>\n<p><a href=\"https:\/\/www.ihk-muenchen.de\">https:\/\/www.ihk-muenchen.de<\/a><\/p>\n<p>&nbsp;<\/p>\n<h4><strong>EU-Streitschlichtung<\/strong><\/h4>\n<p>Die Europ\u00e4ische Kommission stellt eine Plattform zur<\/p>\n<p>Online-Streitbeilegung (OS) bereit:<a href=\"https:\/\/ec.europa.eu\/consumers\/odr\/\"> https:\/\/ec.europa.eu\/consumers\/odr\/<\/a>.<\/p>\n<p>Unsere E-Mail-Adresse finden Sie oben im Impressum.<\/p>\n<p>&nbsp;<\/p>\n<h4><strong>Verbraucherstreitbeilegung\/Universalschlichtungsstelle<\/strong><\/h4>\n<p>Wir sind nicht bereit oder verpflichtet, an Streitbeilegungsverfahren vor einer<\/p>\n<p>Verbraucherschlichtungsstelle teilzunehmen.<\/p>\n<p>&nbsp;<\/p>\n<h4><strong>Bild-\/Videorechte<\/strong><\/h4>\n<p>F\u00fcr diese Website wurden mitunter Bilder und Videos aus folgenden<\/p>\n<p>Quellen verwendet:<\/p>\n<p>\u00a9 Shutterstock Inc.<\/p>\n<p>\u00a9 Getty Images<\/p>\n<p>\u00a9 iStockphoto LP<\/p>\n<\/div>\n<div class=\"wpb_wrapper\"><\/div>\n<\/div>\n<\/div>\n<\/div>\n<\/div>\n<\/div>\n<div class=\"vc_row wpb_row vc_row-fluid ir-firstsection bglines-white vc_column-gap-35\" data-vc-full-width=\"true\" data-vc-full-width-init=\"true\">\n<div class=\"shadow-box wpb_column vc_column_container vc_col-sm-6\">\n<div class=\"vc_column-inner\">\n<div class=\"wpb_wrapper\">\n<div class=\"wpb_text_column wpb_content_element\">\n<p>&nbsp;<\/p>\n<\/div>\n<\/div>\n<\/div>\n<\/div>\n<\/div>\n\r\n\t\t<\/div>\r\n\t<\/div>\r\n\r\n\t<div class=\"wpb_text_column wpb_content_element  Disclaimer\" >\r\n\t\t<div class=\"wpb_wrapper\">\r\n\t\t\t<h3>Disclaimer \u2013 rechtliche Hinweise<\/h3>\n<p><strong>(1) Haftungsbeschr\u00e4nkung<br \/>\n<\/strong>Inhalte dieser Website \u2013\u00a0Die Inhalte dieser Website werden mit gr\u00f6\u00dftm\u00f6glicher Sorgfalt erstellt. Der Anbieter \u00fcbernimmt jedoch keine Gew\u00e4hr f\u00fcr die Richtigkeit, Vollst\u00e4ndigkeit und Aktualit\u00e4t der bereitgestellten Inhalte. Die Nutzung der abrufbaren Inhalte erfolgt auf eigene Gefahr des Nutzers. Namentlich gekennzeichnete Beitr\u00e4ge geben die Meinung des jeweiligen Autors und nicht immer die Meinung des Anbieters wieder.<\/p>\n<p>Verf\u00fcgbarkeit der Website \u2013\u00a0Der Anbieter wird sich bem\u00fchen, den Dienst m\u00f6glichst unterbrechungsfrei zum Abruf anzubieten. Auch bei aller Sorgfalt k\u00f6nnen aber Ausfallzeiten nicht ausgeschlossen werden. Der Anbieter beh\u00e4lt sich das Recht vor, sein Angebot jederzeit zu \u00e4ndern oder einzustellen.<\/p>\n<p>Externe Links \u2013\u00a0Diese Website enth\u00e4lt Verkn\u00fcpfungen zu Websites Dritter (\u201eexterne Links\u201c). Diese Websites unterliegen der Haftung der jeweiligen Betreiber. Der Anbieter hat bei der erstmaligen Verkn\u00fcpfung der externen Links die fremden Inhalte daraufhin \u00fcberpr\u00fcft, ob etwaige Rechtsverst\u00f6\u00dfe bestehen. Zu dem Zeitpunkt waren keine Rechtsverst\u00f6\u00dfe ersichtlich. Der Anbieter hat keinerlei Einfluss auf die aktuelle und zuk\u00fcnftige Gestaltung und auf die Inhalte der verkn\u00fcpften Seiten. Das Setzen von externen Links bedeutet nicht, dass sich der Anbieter die hinter dem Verweis oder Link liegenden Inhalte zu Eigen macht. Eine st\u00e4ndige Kontrolle dieser externen Links ist f\u00fcr den Anbieter ohne konkrete Hinweise auf Rechtsverst\u00f6\u00dfe nicht zumutbar. Bei Kenntnis von Rechtsverst\u00f6\u00dfen werden jedoch derartige externe Links unverz\u00fcglich gel\u00f6scht.<\/p>\n<p>Werbeanzeigen \u2013\u00a0F\u00fcr den Inhalt der Werbeanzeigen ist der jeweilige Autor verantwortlich, ebenso wie f\u00fcr den Inhalt der beworbenen Website. Die Darstellung der Werbeanzeige stellt keine Akzeptanz durch den Anbieter dar.<\/p>\n<p>Kein Vertragsverh\u00e4ltnis\u00a0\u00a0\u2013\u00a0Mit der Nutzung der Website des Anbieters kommt keinerlei Vertragsverh\u00e4ltnis zwischen dem Nutzer und dem Anbieter zustande. Insofern ergeben sich auch keinerlei vertragliche oder quasivertragliche Anspr\u00fcche gegen den Anbieter. F\u00fcr den Fall, dass die Nutzung der Website doch zu einem Vertragsverh\u00e4ltnis f\u00fchren sollte, gilt rein vorsorglich nachfolgende Haftungsbeschr\u00e4nkung: Der Anbieter haftet f\u00fcr Vorsatz und grobe Fahrl\u00e4ssigkeit sowie bei Verletzung einer wesentlichen Vertragspflicht (Kardinalpflicht). Der Anbieter haftet unter Begrenzung auf Ersatz des bei Vertragsschluss vorhersehbaren vertragstypischen Schadens f\u00fcr solche Sch\u00e4den, die auf einer leicht fahrl\u00e4ssigen Verletzung von Kardinalpflichten durch ihn oder eines seiner gesetzlichen Vertreter oder Erf\u00fcllungsgehilfen beruhen. Bei leicht fahrl\u00e4ssiger Verletzung von Nebenpflichten, die keine Kardinalpflichten sind, haftet der Anbieter nicht. Die Haftung f\u00fcr Sch\u00e4den, die in den Schutzbereich einer vom Anbieter gegebenen Garantie oder Zusicherung fallen sowie die Haftung f\u00fcr Anspr\u00fcche aufgrund des Produkthaftungsgesetzes und Sch\u00e4den aus der Verletzung des Lebens, des K\u00f6rpers oder der Gesundheit bleibt hiervon unber\u00fchrt.<\/p>\n<p><strong>(2) Urheberrecht<br \/>\n<\/strong>Die auf dieser Website ver\u00f6ffentlichten Inhalte und Werke sind urheberrechtlich gesch\u00fctzt. Jede vom deutschen Urheberrecht nicht zugelassene Verwertung bedarf der vorherigen schriftlichen Zustimmung des jeweiligen Autors oder Urhebers. Dies gilt insbesondere f\u00fcr Vervielf\u00e4ltigung, Bearbeitung, \u00dcbersetzung, Einspeicherung, Verarbeitung bzw. Wiedergabe von Inhalten in Datenbanken oder anderen elektronischen Medien und Systemen. Inhalte und Beitr\u00e4ge Dritter sind dabei als solche gekennzeichnet. Die unerlaubte Vervielf\u00e4ltigung oder Weitergabe einzelner Inhalte oder kompletter Seiten ist nicht gestattet und strafbar. Lediglich die Herstellung von Kopien und Downloads f\u00fcr den pers\u00f6nlichen, privaten und nicht kommerziellen Gebrauch ist erlaubt.<br \/>\nLinks zur Website des Anbieters sind jederzeit willkommen und bed\u00fcrfen keiner Zustimmung durch den Anbieter der Website. Die Darstellung dieser Website in fremden Frames ist nur mit Erlaubnis zul\u00e4ssig.<\/p>\n<p><strong>(3) Anwendbares Recht<br \/>\n<\/strong>Es gilt ausschlie\u00dflich das ma\u00dfgebliche Recht der Bundesrepublik Deutschland.<\/p>\n<p><strong>(4) Besondere Nutzungsbedingungen<br \/>\n<\/strong>Soweit besondere Bedingungen f\u00fcr einzelne Nutzungen dieser Website von den vorgenannten Punkten (1) bis (4) abweichen, wird an entsprechender Stelle ausdr\u00fccklich darauf hingewiesen. In diesem Falle gelten im jeweiligen Einzelfall die besonderen Nutzungsbedingungen.<\/p>\n\r\n\t\t<\/div>\r\n\t<\/div>\r\n<\/div><\/div><\/div><\/div><div class=\"vc_row-full-width vc_clearfix\"><\/div>","protected":false},"excerpt":{"rendered":"Impressum Angaben gem\u00e4\u00df \u00a7 5 TMG 4RE Investment GmbH S\u00fcdliche M\u00fcnchner Stra\u00dfe 55 82031 Gr\u00fcnwald &nbsp; Handelsregister: HRB 290809 Registergericht: Amtsgericht M\u00fcnchen Sitz: Gr\u00fcnwald, Landkreis M\u00fcnchen &nbsp; Vertretungsberechtigter Gesch\u00e4ftsf\u00fchrer: Leopold M\u00fcnnich &nbsp; Kontakt Telefon: +49 (0) 89 88 98 56 80 E-Mail: info@4re-investment.com &nbsp; Gewerbeanmeldung Gewerbeanmeldung gem. \u00a7 34c GewO: Gemeinde Gr\u00fcnwald,\u00a0Rathausstra\u00dfe 3, 82031 Gr\u00fcnwald [...]","protected":false},"author":1,"featured_media":0,"parent":0,"menu_order":0,"comment_status":"closed","ping_status":"closed","template":"","meta":{"footnotes":"","_vp_format_video_url":"","_vp_image_focal_point":[]},"_links":{"self":[{"href":"https:\/\/4re-investment.com\/en\/wp-json\/wp\/v2\/pages\/8397"}],"collection":[{"href":"https:\/\/4re-investment.com\/en\/wp-json\/wp\/v2\/pages"}],"about":[{"href":"https:\/\/4re-investment.com\/en\/wp-json\/wp\/v2\/types\/page"}],"author":[{"embeddable":true,"href":"https:\/\/4re-investment.com\/en\/wp-json\/wp\/v2\/users\/1"}],"replies":[{"embeddable":true,"href":"https:\/\/4re-investment.com\/en\/wp-json\/wp\/v2\/comments?post=8397"}],"version-history":[{"count":24,"href":"https:\/\/4re-investment.com\/en\/wp-json\/wp\/v2\/pages\/8397\/revisions"}],"predecessor-version":[{"id":10850,"href":"https:\/\/4re-investment.com\/en\/wp-json\/wp\/v2\/pages\/8397\/revisions\/10850"}],"wp:attachment":[{"href":"https:\/\/4re-investment.com\/en\/wp-json\/wp\/v2\/media?parent=8397"}],"curies":[{"name":"wp","href":"https:\/\/api.w.org\/{rel}","templated":true}]}}