{"id":6461,"date":"2018-05-28T13:43:32","date_gmt":"2018-05-28T13:43:32","guid":{"rendered":"http:\/\/themeforest.unitedthemes.com\/wpversions\/brooklyn\/xml\/demo23\/contact-2-2\/"},"modified":"2018-05-28T13:43:32","modified_gmt":"2018-05-28T13:43:32","slug":"contact-2-2","status":"publish","type":"page","link":"https:\/\/4re-investment.com\/en\/contact-2-2\/","title":{"rendered":"Contact 2"},"content":{"rendered":"<section id=\"ut-section-69f36c0061672\" data-vc-full-width=\"true\" data-vc-full-width-init=\"false\" data-cursor-skin=\"global\" class=\"vc_section ut-vc-120 vc_section-has-no-fill ut-section-69f36c006167b\"><div id=\"ut-row-69f36c0061eca\" data-vc-full-width=\"true\" data-vc-full-width-init=\"false\" class=\"vc_row wpb_row vc_row-fluid vc_column-gap-0 vc_row-o-equal-height vc_row-o-content-middle vc_row-flex ut-row-69f36c0061ed2\" ><div class=\"wpb_column vc_column_container vc_col-sm-12\" ><div id=\"ut_inner_column_69f36c00629dd\" class=\"vc_column-inner \" ><div class=\"wpb_wrapper\"><div class=\"wpb_content_element \"><style type=\"text\/css\"><\/style><header id=\"ut_header_69f36c0062e6a\" class=\"section-header  ut-no-title-linebreak-mobile ut-no-lead-linebreak-mobile pt-style-2 header-center header-tablet-center header-mobile-center element-with-custom-line-height\"><div class=\"element-with-custom-line-height\" ><h2 data-title=\"Call: 548-687-89\"  data-responsive-font=\"section_title\" class=\"section-title  \"><span>Call: 548-687-89<\/span><\/h2><\/div><div data-delay=\"0\" class=\"lead \"><p>We welcome you to <b>contact us<\/b> for more<br \/>\ninformation about any of our products or services.<\/p>\n<\/div><\/header><\/div><\/div><\/div><\/div><\/div><div class=\"vc_row-full-width vc_clearfix\"><\/div><div id=\"ut-row-69f36c00672e1\" data-vc-full-width=\"true\" data-vc-full-width-init=\"false\" class=\"vc_row wpb_row vc_row-fluid vc_column-gap-0 ut-row-69f36c00672ec\" ><div class=\"wpb_column vc_column_container vc_col-sm-5\" ><div id=\"ut_inner_column_69f36c0067920\" class=\"vc_column-inner \" ><div class=\"wpb_wrapper\"><div id=\"ut_cf7_colors_69f36c00679b9\" class=\"wpb_content_element  \">\n<div class=\"wpcf7 no-js\" id=\"wpcf7-f5-o1\" lang=\"en-US\" dir=\"ltr\">\n<div class=\"screen-reader-response\"><p role=\"status\" aria-live=\"polite\" aria-atomic=\"true\"><\/p> <ul><\/ul><\/div>\n<form action=\"\/en\/wp-json\/wp\/v2\/pages\/6461#wpcf7-f5-o1\" method=\"post\" class=\"wpcf7-form init\" aria-label=\"Contact form\" enctype=\"multipart\/form-data\" novalidate=\"novalidate\" data-status=\"init\">\n<div style=\"display: none;\">\n<input type=\"hidden\" name=\"_wpcf7\" value=\"5\" \/>\n<input type=\"hidden\" name=\"_wpcf7_version\" value=\"5.9.8\" \/>\n<input type=\"hidden\" name=\"_wpcf7_locale\" value=\"en_US\" \/>\n<input type=\"hidden\" name=\"_wpcf7_unit_tag\" value=\"wpcf7-f5-o1\" \/>\n<input type=\"hidden\" name=\"_wpcf7_container_post\" value=\"0\" \/>\n<input type=\"hidden\" name=\"_wpcf7_posted_data_hash\" value=\"\" \/>\n<\/div>\n<label> Vor-\/Nachname *\n    <span class=\"wpcf7-form-control-wrap\" data-name=\"your-name\"><input size=\"40\" maxlength=\"400\" class=\"wpcf7-form-control wpcf7-text wpcf7-validates-as-required\" aria-required=\"true\" aria-invalid=\"false\" value=\"\" type=\"text\" name=\"your-name\" \/><\/span> <\/label>\n\n<label> E-Mail Adresse *\n    <span class=\"wpcf7-form-control-wrap\" data-name=\"your-email\"><input size=\"40\" maxlength=\"400\" class=\"wpcf7-form-control wpcf7-email wpcf7-validates-as-required wpcf7-text wpcf7-validates-as-email\" aria-required=\"true\" aria-invalid=\"false\" value=\"\" type=\"email\" name=\"your-email\" \/><\/span> <\/label>\n\n<label> Betreff\n    <span class=\"wpcf7-form-control-wrap\" data-name=\"your-subject\"><input size=\"40\" maxlength=\"400\" class=\"wpcf7-form-control wpcf7-text\" aria-invalid=\"false\" value=\"\" type=\"text\" name=\"your-subject\" \/><\/span> <\/label>\n\n<label> Nachricht *\n    <span class=\"wpcf7-form-control-wrap\" data-name=\"your-message\"><textarea cols=\"40\" rows=\"10\" maxlength=\"2000\" class=\"wpcf7-form-control wpcf7-textarea wpcf7-validates-as-required\" aria-required=\"true\" aria-invalid=\"false\" name=\"your-message\"><\/textarea><\/span> <\/label>\n\n<label> Upload (max. 10 MB)\n    <span class=\"wpcf7-form-control-wrap\" data-name=\"file-467\"><input size=\"40\" class=\"wpcf7-form-control wpcf7-file\" accept=\".jpg,.jpeg,.png,.gif,.pdf,.doc,.docx,.ppt,.pptx,.pps,.ppsx,.odt,.xls,.xlsx\" aria-invalid=\"false\" type=\"file\" name=\"file-467\" \/><\/span><\/label>\n\n<span class=\"wpcf7-form-control-wrap\" data-name=\"checkbox-538\"><span class=\"wpcf7-form-control wpcf7-checkbox wpcf7-validates-as-required\"><span class=\"wpcf7-list-item first last\"><label><input type=\"checkbox\" name=\"checkbox-538[]\" value=\"Ich bin damit einverstanden, dass die 4RE Investment GmbH mich per E-Mail oder Telefon f\u00fcr R\u00fcckfragen oder zu Informationszwecken kontaktiert. Weitere Informationen finden Sie unter Datenschutzerkl\u00e4rung. Die Einwilligung ist freiwillig und kann jederzeit mit Wirkung f\u00fcr die Zukunft widerrufen werden. Der Widerruf gegen\u00fcber der 4RE Investment GmbH ist formlos m\u00f6glich, z. B. per E-Mail an info@4re-investment.com\" \/><span class=\"wpcf7-list-item-label\">Ich bin damit einverstanden, dass die 4RE Investment GmbH mich per E-Mail oder Telefon f\u00fcr R\u00fcckfragen oder zu Informationszwecken kontaktiert. Weitere Informationen finden Sie unter Datenschutzerkl\u00e4rung. Die Einwilligung ist freiwillig und kann jederzeit mit Wirkung f\u00fcr die Zukunft widerrufen werden. Der Widerruf gegen\u00fcber der 4RE Investment GmbH ist formlos m\u00f6glich, z. B. per E-Mail an info@4re-investment.com<\/span><\/label><\/span><\/span><\/span>\n\n<input class=\"wpcf7-form-control wpcf7-submit has-spinner\" type=\"submit\" value=\"Abschicken\" \/><div class=\"wpcf7-response-output\" aria-hidden=\"true\"><\/div>\n<\/form>\n<\/div>\n<\/div><\/div><\/div><\/div><div class=\"wpb_column vc_column_container vc_col-sm-7\" ><div id=\"ut_inner_column_69f36c0068494\" class=\"vc_column-inner \" ><div class=\"wpb_wrapper\"><div class=\"wpb_content_element \"><style type=\"text\/css\">@media (max-width: 767px) {#ut_google_map_wrap69f36c0068673 {height: 50vh;}}@media (max-width: 767px) {#ut_google_map_wrap69f36c0068673 {width: 100%;}}@media (min-width: 768px) and (max-width: 1024px) {#ut_google_map_wrap69f36c0068673 {height: 50vh;}}@media (min-width: 768px) and (max-width: 1024px) {#ut_google_map_wrap69f36c0068673 {width: 100%;}}@media (min-width: 1025px) {#ut_google_map_wrap69f36c0068673 {height: 25vh;}}<\/style><div id=\"ut_google_map_wrap69f36c0068673\" class=\"ut-advanced-google-map-wrap  ut-advanced-google-map-wrap-center\"><div id=\"ut_google_map_69f36c0068671\" class=\"ut-advanced-google-map\" data-address=\"Brooklyn, NY\" data-api=\"https:\/\/maps.googleapis.com\/maps\/api\/js?key=AIzaSyA7osWiq5k3PfO1rEQPDid_Zdzxeb50zxA\" data-settings=\"{&quot;styles&quot;:[{&quot;featureType&quot;:&quot;water&quot;,&quot;elementType&quot;:&quot;geometry&quot;,&quot;stylers&quot;:[{&quot;color&quot;:&quot;#e9e9e9&quot;},{&quot;lightness&quot;:17}]},{&quot;featureType&quot;:&quot;landscape&quot;,&quot;elementType&quot;:&quot;geometry&quot;,&quot;stylers&quot;:[{&quot;color&quot;:&quot;#f5f5f5&quot;},{&quot;lightness&quot;:20}]},{&quot;featureType&quot;:&quot;road.highway&quot;,&quot;elementType&quot;:&quot;geometry.fill&quot;,&quot;stylers&quot;:[{&quot;color&quot;:&quot;#ffffff&quot;},{&quot;lightness&quot;:17}]},{&quot;featureType&quot;:&quot;road.highway&quot;,&quot;elementType&quot;:&quot;geometry.stroke&quot;,&quot;stylers&quot;:[{&quot;color&quot;:&quot;#ffffff&quot;},{&quot;lightness&quot;:29},{&quot;weight&quot;:0.2}]},{&quot;featureType&quot;:&quot;road.arterial&quot;,&quot;elementType&quot;:&quot;geometry&quot;,&quot;stylers&quot;:[{&quot;color&quot;:&quot;#ffffff&quot;},{&quot;lightness&quot;:18}]},{&quot;featureType&quot;:&quot;road.local&quot;,&quot;elementType&quot;:&quot;geometry&quot;,&quot;stylers&quot;:[{&quot;color&quot;:&quot;#ffffff&quot;},{&quot;lightness&quot;:16}]},{&quot;featureType&quot;:&quot;poi&quot;,&quot;elementType&quot;:&quot;geometry&quot;,&quot;stylers&quot;:[{&quot;color&quot;:&quot;#f5f5f5&quot;},{&quot;lightness&quot;:21}]},{&quot;featureType&quot;:&quot;poi.park&quot;,&quot;elementType&quot;:&quot;geometry&quot;,&quot;stylers&quot;:[{&quot;color&quot;:&quot;#dedede&quot;},{&quot;lightness&quot;:21}]},{&quot;elementType&quot;:&quot;labels.text.stroke&quot;,&quot;stylers&quot;:[{&quot;visibility&quot;:&quot;on&quot;},{&quot;color&quot;:&quot;#ffffff&quot;},{&quot;lightness&quot;:16}]},{&quot;elementType&quot;:&quot;labels.text.fill&quot;,&quot;stylers&quot;:[{&quot;saturation&quot;:36},{&quot;color&quot;:&quot;#333333&quot;},{&quot;lightness&quot;:40}]},{&quot;elementType&quot;:&quot;labels.icon&quot;,&quot;stylers&quot;:[{&quot;visibility&quot;:&quot;off&quot;}]},{&quot;featureType&quot;:&quot;transit&quot;,&quot;elementType&quot;:&quot;geometry&quot;,&quot;stylers&quot;:[{&quot;color&quot;:&quot;#f2f2f2&quot;},{&quot;lightness&quot;:19}]},{&quot;featureType&quot;:&quot;administrative&quot;,&quot;elementType&quot;:&quot;geometry.fill&quot;,&quot;stylers&quot;:[{&quot;color&quot;:&quot;#fefefe&quot;},{&quot;lightness&quot;:20}]},{&quot;featureType&quot;:&quot;administrative&quot;,&quot;elementType&quot;:&quot;geometry.stroke&quot;,&quot;stylers&quot;:[{&quot;color&quot;:&quot;#fefefe&quot;},{&quot;lightness&quot;:17},{&quot;weight&quot;:1.2}]}],&quot;zoom&quot;:14,&quot;marker&quot;:&quot;https:\\\/\\\/4re-investment.com\\\/wp-content\\\/uploads\\\/2018\\\/05\\\/map-pin.png&quot;} \"><\/div><\/div><\/div><div id=\"ut-row-inner-69f36c00694b5\" class=\"vc_row wpb_row vc_inner vc_row-fluid vc_row-o-equal-height vc_row-o-content-bottom vc_row-flex ut-row-inner-69f36c00694c0\" ><div  class=\"wpb_column vc_column_container vc_col-sm-6\"><div id=\"ut-column-inner-69f36c0069cc1\" class=\"vc_column-inner vc_column-inner-nested \"><div class=\"wpb_wrapper\"><style type=\"text\/css\">#ut_custom_heading69f36c0069da1 { text-align:left; }@media (min-width: 768px) and (max-width: 1024px) { #ut_custom_heading69f36c0069da1 { text-align:left; } }@media (max-width: 767px) { #ut_custom_heading69f36c0069da1 { text-align:left; } }<\/style><h3 id=\"ut_custom_heading69f36c0069da1\" data-responsive-font=\"h3\" class=\"ut-custom-heading-module   vc_custom_1537312164101\" ><span class=\"\" >Web Agency Brooklyn<\/span><\/h3>\r\n\t<div class=\"wpb_text_column wpb_content_element \" >\r\n\t\t<div class=\"wpb_wrapper\">\r\n\t\t\t<p>Lorem ipsum dolor sit amet, consetetur sadipscing elitr, sed diam nonumy eirmod tempor invidunt ut.<\/p>\n\r\n\t\t<\/div>\r\n\t<\/div>\r\n<\/div><\/div><\/div><div  class=\"wpb_column vc_column_container vc_col-sm-6\"><div id=\"ut-column-inner-69f36c006a5e4\" class=\"vc_column-inner vc_column-inner-nested \"><div class=\"wpb_wrapper\"><style type=\"text\/css\">#ut_custom_heading69f36c006a67f { text-align:left; }@media (min-width: 768px) and (max-width: 1024px) { #ut_custom_heading69f36c006a67f { text-align:left; } }@media (max-width: 767px) { #ut_custom_heading69f36c006a67f { text-align:left; } }<\/style><h3 id=\"ut_custom_heading69f36c006a67f\" data-responsive-font=\"h3\" class=\"ut-custom-heading-module   vc_custom_1537312252463\" ><span class=\"\" >Address<\/span><\/h3>\r\n\t<div class=\"wpb_text_column wpb_content_element \" >\r\n\t\t<div class=\"wpb_wrapper\">\r\n\t\t\t<p>Lorem ipsum dolor sit amet, consetetur sadipscing elitr, sed diam nonumy eirmod tempor invidunt ut.<\/p>\n\r\n\t\t<\/div>\r\n\t<\/div>\r\n<\/div><\/div><\/div><style type=\"text\/css\">#ut-row-inner-69f36c00694b5{margin-top: 0px !important;}<\/style><\/div><\/div><\/div><\/div><\/div><div class=\"vc_row-full-width vc_clearfix\"><\/div><a data-id=\"section-without-id\" class=\"ut-vc-offset-anchor-bottom\" name=\"section-without-id\"><\/a><\/section><div class=\"vc_row-full-width vc_clearfix\"><\/div>\n","protected":false},"excerpt":{"rendered":"Call: 548-687-89We welcome you to contact us for more information about any of our products or services. Vor-\/Nachname * E-Mail Adresse * Betreff Nachricht * Upload (max. 10 MB) Ich bin damit einverstanden, dass die 4RE Investment GmbH mich per E-Mail oder Telefon f\u00fcr R\u00fcckfragen oder zu Informationszwecken kontaktiert. Weitere Informationen finden Sie unter Datenschutzerkl\u00e4rung. [...]","protected":false},"author":1,"featured_media":0,"parent":0,"menu_order":0,"comment_status":"closed","ping_status":"closed","template":"","meta":{"footnotes":"","_vp_format_video_url":"","_vp_image_focal_point":[]},"_links":{"self":[{"href":"https:\/\/4re-investment.com\/en\/wp-json\/wp\/v2\/pages\/6461"}],"collection":[{"href":"https:\/\/4re-investment.com\/en\/wp-json\/wp\/v2\/pages"}],"about":[{"href":"https:\/\/4re-investment.com\/en\/wp-json\/wp\/v2\/types\/page"}],"author":[{"embeddable":true,"href":"https:\/\/4re-investment.com\/en\/wp-json\/wp\/v2\/users\/1"}],"replies":[{"embeddable":true,"href":"https:\/\/4re-investment.com\/en\/wp-json\/wp\/v2\/comments?post=6461"}],"version-history":[{"count":0,"href":"https:\/\/4re-investment.com\/en\/wp-json\/wp\/v2\/pages\/6461\/revisions"}],"wp:attachment":[{"href":"https:\/\/4re-investment.com\/en\/wp-json\/wp\/v2\/media?parent=6461"}],"curies":[{"name":"wp","href":"https:\/\/api.w.org\/{rel}","templated":true}]}}