{"id":5178,"date":"2016-11-04T12:11:24","date_gmt":"2016-11-04T12:11:24","guid":{"rendered":"http:\/\/themeforest.unitedthemes.com\/wpversions\/brooklyn\/xml\/demo23\/?page_id=5178"},"modified":"2016-11-04T12:11:24","modified_gmt":"2016-11-04T12:11:24","slug":"contact","status":"publish","type":"page","link":"https:\/\/4re-investment.com\/en\/contact\/","title":{"rendered":"Contact"},"content":{"rendered":"<section id=\"ut-section-69f3670922823\" data-vc-full-width=\"true\" data-vc-full-width-init=\"false\" data-cursor-skin=\"global\" class=\"vc_section ut-vc-120 vc_section-has-no-fill ut-section-69f367092282e\"><div id=\"ut-row-69f36709232de\" data-vc-full-width=\"true\" data-vc-full-width-init=\"false\" class=\"vc_row wpb_row vc_row-fluid vc_column-gap-0 vc_row-o-equal-height vc_row-o-content-middle vc_row-flex ut-row-69f36709232ea\" ><div class=\"wpb_column vc_column_container vc_col-sm-6\" ><div id=\"ut_inner_column_69f3670923f3b\" class=\"vc_column-inner \" ><div class=\"wpb_wrapper\"><div class=\"wpb_content_element \"><style type=\"text\/css\"><\/style><header id=\"ut_header_69f36709243d1\" class=\"section-header  ut-no-title-linebreak-mobile ut-no-lead-linebreak-mobile pt-style-2 header-left header-tablet-left header-mobile-center element-with-custom-line-height\"><div class=\"element-with-custom-line-height\" ><h2 data-title=\"Drop us a line.\"  data-responsive-font=\"section_title\" class=\"section-title  \"><span>Drop us a line.<\/span><\/h2><\/div><div data-delay=\"0\" class=\"lead \"><p>We welcome you to <b>contact us<\/b> for more information<br \/>\nabout any of our products or services.<\/p>\n<\/div><\/header><\/div><div id=\"ut_cf7_colors_69f3670928506\" class=\"wpb_content_element  \">\n<div class=\"wpcf7 no-js\" id=\"wpcf7-f5-o1\" lang=\"en-US\" dir=\"ltr\">\n<div class=\"screen-reader-response\"><p role=\"status\" aria-live=\"polite\" aria-atomic=\"true\"><\/p> <ul><\/ul><\/div>\n<form action=\"\/en\/wp-json\/wp\/v2\/pages\/5178#wpcf7-f5-o1\" method=\"post\" class=\"wpcf7-form init\" aria-label=\"Contact form\" enctype=\"multipart\/form-data\" novalidate=\"novalidate\" data-status=\"init\">\n<div style=\"display: none;\">\n<input type=\"hidden\" name=\"_wpcf7\" value=\"5\" \/>\n<input type=\"hidden\" name=\"_wpcf7_version\" value=\"5.9.8\" \/>\n<input type=\"hidden\" name=\"_wpcf7_locale\" value=\"en_US\" \/>\n<input type=\"hidden\" name=\"_wpcf7_unit_tag\" value=\"wpcf7-f5-o1\" \/>\n<input type=\"hidden\" name=\"_wpcf7_container_post\" value=\"0\" \/>\n<input type=\"hidden\" name=\"_wpcf7_posted_data_hash\" value=\"\" \/>\n<\/div>\n<label> Vor-\/Nachname *\n    <span class=\"wpcf7-form-control-wrap\" data-name=\"your-name\"><input size=\"40\" maxlength=\"400\" class=\"wpcf7-form-control wpcf7-text wpcf7-validates-as-required\" aria-required=\"true\" aria-invalid=\"false\" value=\"\" type=\"text\" name=\"your-name\" \/><\/span> <\/label>\n\n<label> E-Mail Adresse *\n    <span class=\"wpcf7-form-control-wrap\" data-name=\"your-email\"><input size=\"40\" maxlength=\"400\" class=\"wpcf7-form-control wpcf7-email wpcf7-validates-as-required wpcf7-text wpcf7-validates-as-email\" aria-required=\"true\" aria-invalid=\"false\" value=\"\" type=\"email\" name=\"your-email\" \/><\/span> <\/label>\n\n<label> Betreff\n    <span class=\"wpcf7-form-control-wrap\" data-name=\"your-subject\"><input size=\"40\" maxlength=\"400\" class=\"wpcf7-form-control wpcf7-text\" aria-invalid=\"false\" value=\"\" type=\"text\" name=\"your-subject\" \/><\/span> <\/label>\n\n<label> Nachricht *\n    <span class=\"wpcf7-form-control-wrap\" data-name=\"your-message\"><textarea cols=\"40\" rows=\"10\" maxlength=\"2000\" class=\"wpcf7-form-control wpcf7-textarea wpcf7-validates-as-required\" aria-required=\"true\" aria-invalid=\"false\" name=\"your-message\"><\/textarea><\/span> <\/label>\n\n<label> Upload (max. 10 MB)\n    <span class=\"wpcf7-form-control-wrap\" data-name=\"file-467\"><input size=\"40\" class=\"wpcf7-form-control wpcf7-file\" accept=\".jpg,.jpeg,.png,.gif,.pdf,.doc,.docx,.ppt,.pptx,.pps,.ppsx,.odt,.xls,.xlsx\" aria-invalid=\"false\" type=\"file\" name=\"file-467\" \/><\/span><\/label>\n\n<span class=\"wpcf7-form-control-wrap\" data-name=\"checkbox-538\"><span class=\"wpcf7-form-control wpcf7-checkbox wpcf7-validates-as-required\"><span class=\"wpcf7-list-item first last\"><label><input type=\"checkbox\" name=\"checkbox-538[]\" value=\"Ich bin damit einverstanden, dass die 4RE Investment GmbH mich per E-Mail oder Telefon f\u00fcr R\u00fcckfragen oder zu Informationszwecken kontaktiert. Weitere Informationen finden Sie unter Datenschutzerkl\u00e4rung. Die Einwilligung ist freiwillig und kann jederzeit mit Wirkung f\u00fcr die Zukunft widerrufen werden. Der Widerruf gegen\u00fcber der 4RE Investment GmbH ist formlos m\u00f6glich, z. B. per E-Mail an info@4re-investment.com\" \/><span class=\"wpcf7-list-item-label\">Ich bin damit einverstanden, dass die 4RE Investment GmbH mich per E-Mail oder Telefon f\u00fcr R\u00fcckfragen oder zu Informationszwecken kontaktiert. Weitere Informationen finden Sie unter Datenschutzerkl\u00e4rung. Die Einwilligung ist freiwillig und kann jederzeit mit Wirkung f\u00fcr die Zukunft widerrufen werden. Der Widerruf gegen\u00fcber der 4RE Investment GmbH ist formlos m\u00f6glich, z. B. per E-Mail an info@4re-investment.com<\/span><\/label><\/span><\/span><\/span>\n\n<input class=\"wpcf7-form-control wpcf7-submit has-spinner\" type=\"submit\" value=\"Abschicken\" \/><div class=\"wpcf7-response-output\" aria-hidden=\"true\"><\/div>\n<\/form>\n<\/div>\n<\/div><\/div><\/div><\/div><div class=\"wpb_column vc_column_container vc_col-sm-6\" ><div id=\"ut_inner_column_69f3670929191\" class=\"vc_column-inner \" ><div class=\"wpb_wrapper\"><div class=\"wpb_content_element  vc_custom_1537311918221\"><style type=\"text\/css\">#ut_scv_69f3670929267 .ut-service-icon i { color: #FFF; }#ut_scv_69f3670929267 .ut-service-icon.ut-service-icon-round { background: rgba(41, 72, 255, 1); }#ut_scv_69f3670929267 .ut-service-icon.ut-service-icon-square { background: rgba(41, 72, 255, 1); }#ut_scv_69f3670929267 .ut-service-icon.ut-service-icon-rounded { background: rgba(41, 72, 255, 1); }#ut_scv_69f3670929267 .ut-service-column.ut-vertical p { margin-top: 10px; }#ut_scv_69f3670929267 .ut-service-column.ut-vertical a.ut-service-column-vertical-link { font-size: 12px; }<\/style><div id=\"ut_scv_69f3670929267\" class=\" clearfix  ut-vertical-style ut-vertical-style-align-center\" ><figure  class=\"ut-service-icon ut-service-icon-round ut-service-icon-large ut-service-icon-with-svg\">\t\t\t\r\n\t\t\t<style type=\"text\/css\">\r\n\t\t\t\t\r\n\t\t\t\t\t\t\t\t\r\n\t\t\t\t\t#ut-svg-69f36709292bc { display:none; }\r\n\t\t\t\t\t#ut-svg-69f36709292bc.ut-svg-loaded { display:block; }\r\n\t\t\t\t\r\n\t\t\t\t\r\n\t\t\t\t#ut-svg-69f36709292bc path { stroke: #ffffff; }\r\n\t\t\t\t#ut-svg-69f36709292bc line { stroke: #ffffff; }\r\n\t\t\t\t#ut-svg-69f36709292bc circle { stroke: #ffffff; }\r\n\t\t\t\t#ut-svg-69f36709292bc rect { stroke: #ffffff; }\r\n\t\t\t\t#ut-svg-69f36709292bc ellipse { stroke: #ffffff; }\r\n\t\t\t\t#ut-svg-69f36709292bc polyline { stroke: #ffffff; }\r\n\t\t\t\t#ut-svg-69f36709292bc polygon { stroke: #ffffff; }\r\n\t\t\t\t\r\n\t\t\t\t#ut-svg-69f36709292bc [data-name=\"layer1\"] { stroke: #ffffff; }\r\n\t\t\t\t#ut-svg-69f36709292bc [data-name=\"layer1\"] path { stroke: #ffffff; }\r\n\t\t\t\t\r\n\t\t\t\t\t\t\t\t\t\t\t\t\r\n\t\t\t\t\t\t\t\t\r\n\r\n\t\t\t<\/style>\r\n\t\t\r\n\t\t\r\n\r\n<svg version=\"1.1\" class=\"ut-vivus-draw\" data-settings=\"{&quot;draw_svg_icons&quot;:&quot;yes&quot;,&quot;draw_svg_type&quot;:&quot;oneByOne&quot;,&quot;draw_svg_delay&quot;:&quot;0&quot;,&quot;draw_svg_duration&quot;:&quot;100&quot;}\" id=\"ut-svg-69f36709292bc\" xmlns=\"http:\/\/www.w3.org\/2000\/svg\" xmlns:xlink=\"http:\/\/www.w3.org\/1999\/xlink\" x=\"0px\" y=\"0px\"\r\n\t width=\"64px\" height=\"64px\" viewBox=\"0 0 64 64\" enable-background=\"new 0 0 64 64\" xml:space=\"preserve\">\r\n<path fill=\"none\" stroke=\"#000000\" stroke-width=\"2\" stroke-miterlimit=\"10\" d=\"M11,48C5.477,48,1,43.523,1,38s4.477-10,10-10h2v20\r\n\tH11z\"\/>\r\n<path fill=\"none\" stroke=\"#000000\" stroke-width=\"2\" stroke-miterlimit=\"10\" d=\"M53,28c5.523,0,10,4.477,10,10s-4.477,10-10,10h-2\r\n\tV28H53z\"\/>\r\n<path fill=\"none\" stroke=\"#000000\" stroke-width=\"2\" stroke-miterlimit=\"10\" d=\"M13,31v-9c0,0,0-16,19-16s19,16,19,16v6\"\/>\r\n<polyline fill=\"none\" stroke=\"#000000\" stroke-width=\"2\" stroke-miterlimit=\"10\" points=\"51,48 51,53 36,59 28,59 28,55 36,55 \r\n\t36,58 \"\/>\r\n<\/svg>\r\n<\/figure><div class=\"ut-service-column ut-vertical\"><h3 data-responsive-font=\"h3\" class=\"ut-service-column-title element-with-custom-line-height\">Call us<\/h3><p class=\"element-with-custom-line-height\" data-responsive-font=\"p\">1-8456-563-BKLYN<\/p><\/div><\/div><\/div><div class=\"wpb_content_element  vc_custom_1537311958926\"><style type=\"text\/css\">#ut_scv_69f3670929890 .ut-service-icon i { color: #FFF; }#ut_scv_69f3670929890 .ut-service-icon.ut-service-icon-round { background: rgba(41, 72, 255, 1); }#ut_scv_69f3670929890 .ut-service-icon.ut-service-icon-square { background: rgba(41, 72, 255, 1); }#ut_scv_69f3670929890 .ut-service-icon.ut-service-icon-rounded { background: rgba(41, 72, 255, 1); }#ut_scv_69f3670929890 .ut-service-column.ut-vertical p { margin-top: 10px; }#ut_scv_69f3670929890 .ut-service-column.ut-vertical a.ut-service-column-vertical-link { font-size: 12px; }<\/style><div id=\"ut_scv_69f3670929890\" class=\" clearfix  ut-vertical-style ut-vertical-style-align-center\" ><figure  class=\"ut-service-icon ut-service-icon-round ut-service-icon-large ut-service-icon-with-svg\">\t\t\t\r\n\t\t\t<style type=\"text\/css\">\r\n\t\t\t\t\r\n\t\t\t\t\t\t\t\t\r\n\t\t\t\t\t#ut-svg-69f36709298c2 { display:none; }\r\n\t\t\t\t\t#ut-svg-69f36709298c2.ut-svg-loaded { display:block; }\r\n\t\t\t\t\r\n\t\t\t\t\r\n\t\t\t\t#ut-svg-69f36709298c2 path { stroke: #ffffff; }\r\n\t\t\t\t#ut-svg-69f36709298c2 line { stroke: #ffffff; }\r\n\t\t\t\t#ut-svg-69f36709298c2 circle { stroke: #ffffff; }\r\n\t\t\t\t#ut-svg-69f36709298c2 rect { stroke: #ffffff; }\r\n\t\t\t\t#ut-svg-69f36709298c2 ellipse { stroke: #ffffff; }\r\n\t\t\t\t#ut-svg-69f36709298c2 polyline { stroke: #ffffff; }\r\n\t\t\t\t#ut-svg-69f36709298c2 polygon { stroke: #ffffff; }\r\n\t\t\t\t\r\n\t\t\t\t#ut-svg-69f36709298c2 [data-name=\"layer1\"] { stroke: #ffffff; }\r\n\t\t\t\t#ut-svg-69f36709298c2 [data-name=\"layer1\"] path { stroke: #ffffff; }\r\n\t\t\t\t\r\n\t\t\t\t\t\t\t\t\t\t\t\t\r\n\t\t\t\t\t\t\t\t\r\n\r\n\t\t\t<\/style>\r\n\t\t\r\n\t\t\r\n\r\n<svg version=\"1.1\" class=\"ut-vivus-draw\" data-settings=\"{&quot;draw_svg_icons&quot;:&quot;yes&quot;,&quot;draw_svg_type&quot;:&quot;oneByOne&quot;,&quot;draw_svg_delay&quot;:&quot;0&quot;,&quot;draw_svg_duration&quot;:&quot;100&quot;}\" id=\"ut-svg-69f36709298c2\" xmlns=\"http:\/\/www.w3.org\/2000\/svg\" xmlns:xlink=\"http:\/\/www.w3.org\/1999\/xlink\" x=\"0px\" y=\"0px\"\r\n\t width=\"64px\" height=\"64px\" viewBox=\"0 0 64 64\" enable-background=\"new 0 0 64 64\" xml:space=\"preserve\">\r\n<rect x=\"1\" y=\"18\" fill=\"none\" stroke=\"#000000\" stroke-width=\"2\" stroke-miterlimit=\"10\" width=\"52\" height=\"32\"\/>\r\n<polyline fill=\"none\" stroke=\"#000000\" stroke-width=\"2\" stroke-miterlimit=\"10\" points=\"9.887,16 9.887,9 63,9 63,41 55,41 \"\/>\r\n<polyline fill=\"none\" stroke=\"#000000\" stroke-width=\"2\" stroke-miterlimit=\"10\" points=\"0.887,18 27,33.062 53,18 \"\/>\r\n<\/svg>\r\n<\/figure><div class=\"ut-service-column ut-vertical\"><h3 data-responsive-font=\"h3\" class=\"ut-service-column-title element-with-custom-line-height\">Mail us<\/h3><p class=\"element-with-custom-line-height\" data-responsive-font=\"p\">contact@email.com<\/p><\/div><\/div><\/div><div class=\"wpb_content_element  vc_custom_1537311926799\"><style type=\"text\/css\">#ut_scv_69f3670929ccc .ut-service-icon i { color: #FFF; }#ut_scv_69f3670929ccc .ut-service-icon.ut-service-icon-round { background: rgba(41, 72, 255, 1); }#ut_scv_69f3670929ccc .ut-service-icon.ut-service-icon-square { background: rgba(41, 72, 255, 1); }#ut_scv_69f3670929ccc .ut-service-icon.ut-service-icon-rounded { background: rgba(41, 72, 255, 1); }#ut_scv_69f3670929ccc .ut-service-column.ut-vertical p { margin-top: 10px; }#ut_scv_69f3670929ccc .ut-service-column.ut-vertical a.ut-service-column-vertical-link { font-size: 12px; }<\/style><div id=\"ut_scv_69f3670929ccc\" class=\" clearfix  ut-vertical-style ut-vertical-style-align-center\" ><figure  class=\"ut-service-icon ut-service-icon-round ut-service-icon-large ut-service-icon-with-svg\">\t\t\t\r\n\t\t\t<style type=\"text\/css\">\r\n\t\t\t\t\r\n\t\t\t\t\t\t\t\t\r\n\t\t\t\t\t#ut-svg-69f3670929cf9 { display:none; }\r\n\t\t\t\t\t#ut-svg-69f3670929cf9.ut-svg-loaded { display:block; }\r\n\t\t\t\t\r\n\t\t\t\t\r\n\t\t\t\t#ut-svg-69f3670929cf9 path { stroke: #ffffff; }\r\n\t\t\t\t#ut-svg-69f3670929cf9 line { stroke: #ffffff; }\r\n\t\t\t\t#ut-svg-69f3670929cf9 circle { stroke: #ffffff; }\r\n\t\t\t\t#ut-svg-69f3670929cf9 rect { stroke: #ffffff; }\r\n\t\t\t\t#ut-svg-69f3670929cf9 ellipse { stroke: #ffffff; }\r\n\t\t\t\t#ut-svg-69f3670929cf9 polyline { stroke: #ffffff; }\r\n\t\t\t\t#ut-svg-69f3670929cf9 polygon { stroke: #ffffff; }\r\n\t\t\t\t\r\n\t\t\t\t#ut-svg-69f3670929cf9 [data-name=\"layer1\"] { stroke: #ffffff; }\r\n\t\t\t\t#ut-svg-69f3670929cf9 [data-name=\"layer1\"] path { stroke: #ffffff; }\r\n\t\t\t\t\r\n\t\t\t\t\t\t\t\t\t\t\t\t\r\n\t\t\t\t\t\t\t\t\r\n\r\n\t\t\t<\/style>\r\n\t\t\r\n\t\t\r\n\r\n<svg version=\"1.1\" class=\"ut-vivus-draw\" data-settings=\"{&quot;draw_svg_icons&quot;:&quot;yes&quot;,&quot;draw_svg_type&quot;:&quot;oneByOne&quot;,&quot;draw_svg_delay&quot;:&quot;0&quot;,&quot;draw_svg_duration&quot;:&quot;100&quot;}\" id=\"ut-svg-69f3670929cf9\" xmlns=\"http:\/\/www.w3.org\/2000\/svg\" xmlns:xlink=\"http:\/\/www.w3.org\/1999\/xlink\" x=\"0px\" y=\"0px\"\r\n\t width=\"64px\" height=\"64px\" viewBox=\"0 0 64 64\" enable-background=\"new 0 0 64 64\" xml:space=\"preserve\">\r\n<polygon fill=\"none\" stroke=\"#000000\" stroke-width=\"2\" stroke-miterlimit=\"10\" points=\"55,24 22,24 22,12 55,12 62,18 \"\/>\r\n<polygon fill=\"none\" stroke=\"#000000\" stroke-width=\"2\" stroke-miterlimit=\"10\" points=\"9,28 42,28 42,40 9,40 2,34 \"\/>\r\n<line fill=\"none\" stroke=\"#000000\" stroke-width=\"2\" stroke-miterlimit=\"10\" x1=\"32\" y1=\"40\" x2=\"32\" y2=\"64\"\/>\r\n<line fill=\"none\" stroke=\"#000000\" stroke-width=\"2\" stroke-miterlimit=\"10\" x1=\"32\" y1=\"28\" x2=\"32\" y2=\"24\"\/>\r\n<line fill=\"none\" stroke=\"#000000\" stroke-width=\"2\" stroke-miterlimit=\"10\" x1=\"32\" y1=\"12\" x2=\"32\" y2=\"7\"\/>\r\n<line fill=\"none\" stroke=\"#000000\" stroke-width=\"2\" stroke-miterlimit=\"10\" x1=\"24\" y1=\"63\" x2=\"40\" y2=\"63\"\/>\r\n<\/svg>\r\n<\/figure><div class=\"ut-service-column ut-vertical\"><h3 data-responsive-font=\"h3\" class=\"ut-service-column-title element-with-custom-line-height\">Visit us<\/h3><p class=\"element-with-custom-line-height\" data-responsive-font=\"p\">1399 Beverley Rd<br \/>\nBrooklyn, NY 11218<\/p><\/div><\/div><\/div><\/div><\/div><\/div><\/div><div class=\"vc_row-full-width vc_clearfix\"><\/div><a data-id=\"section-without-id\" class=\"ut-vc-offset-anchor-bottom\" name=\"section-without-id\"><\/a><\/section><div class=\"vc_row-full-width vc_clearfix\"><\/div>\n","protected":false},"excerpt":{"rendered":"Drop us a line.We welcome you to contact us for more information about any of our products or services. Vor-\/Nachname * E-Mail Adresse * Betreff Nachricht * Upload (max. 10 MB) Ich bin damit einverstanden, dass die 4RE Investment GmbH mich per E-Mail oder Telefon f\u00fcr R\u00fcckfragen oder zu Informationszwecken kontaktiert. Weitere Informationen finden Sie [...]","protected":false},"author":1,"featured_media":0,"parent":0,"menu_order":0,"comment_status":"closed","ping_status":"closed","template":"","meta":{"footnotes":"","_vp_format_video_url":"","_vp_image_focal_point":[]},"_links":{"self":[{"href":"https:\/\/4re-investment.com\/en\/wp-json\/wp\/v2\/pages\/5178"}],"collection":[{"href":"https:\/\/4re-investment.com\/en\/wp-json\/wp\/v2\/pages"}],"about":[{"href":"https:\/\/4re-investment.com\/en\/wp-json\/wp\/v2\/types\/page"}],"author":[{"embeddable":true,"href":"https:\/\/4re-investment.com\/en\/wp-json\/wp\/v2\/users\/1"}],"replies":[{"embeddable":true,"href":"https:\/\/4re-investment.com\/en\/wp-json\/wp\/v2\/comments?post=5178"}],"version-history":[{"count":0,"href":"https:\/\/4re-investment.com\/en\/wp-json\/wp\/v2\/pages\/5178\/revisions"}],"wp:attachment":[{"href":"https:\/\/4re-investment.com\/en\/wp-json\/wp\/v2\/media?parent=5178"}],"curies":[{"name":"wp","href":"https:\/\/api.w.org\/{rel}","templated":true}]}}